{"id":662,"date":"2024-01-15T08:16:37","date_gmt":"2024-01-15T08:16:37","guid":{"rendered":"https:\/\/aihre.eu\/?page_id=662"},"modified":"2024-01-15T10:02:48","modified_gmt":"2024-01-15T10:02:48","slug":"aviso-legal","status":"publish","type":"page","link":"https:\/\/aihre.eu\/pt\/aviso-legal\/","title":{"rendered":"Aviso legal"},"content":{"rendered":"<div data-elementor-type=\"wp-page\" data-elementor-id=\"662\" class=\"elementor elementor-662\" data-elementor-post-type=\"page\">\n\t\t\t\t<div class=\"elementor-element elementor-element-5921aa38 e-flex e-con-boxed e-con e-parent\" data-id=\"5921aa38\" data-element_type=\"container\" data-e-type=\"container\" data-settings=\"{&quot;background_background&quot;:&quot;classic&quot;}\">\n\t\t\t\t\t<div class=\"e-con-inner\">\n\t\t<div class=\"elementor-element elementor-element-231a7fea e-flex e-con-boxed e-con e-child\" data-id=\"231a7fea\" data-element_type=\"container\" data-e-type=\"container\">\n\t\t\t\t\t<div class=\"e-con-inner\">\n\t\t\t\t<div class=\"elementor-element elementor-element-56b5c3fa elementor-invisible elementor-widget elementor-widget-heading\" data-id=\"56b5c3fa\" data-element_type=\"widget\" data-e-type=\"widget\" data-settings=\"{&quot;_animation&quot;:&quot;fadeInUp&quot;,&quot;_animation_delay&quot;:200}\" data-widget_type=\"heading.default\">\n\t\t\t\t<div class=\"elementor-widget-container\">\n\t\t\t\t\t<h1 class=\"elementor-heading-title elementor-size-default\">Aviso legal<\/h1>\t\t\t\t<\/div>\n\t\t\t\t<\/div>\n\t\t\t\t\t<\/div>\n\t\t\t\t<\/div>\n\t\t\t\t\t<\/div>\n\t\t\t\t<\/div>\n\t\t<div class=\"elementor-element elementor-element-23631eb e-flex e-con-boxed e-con e-parent\" data-id=\"23631eb\" data-element_type=\"container\" data-e-type=\"container\">\n\t\t\t\t\t<div class=\"e-con-inner\">\n\t\t\t\t<div class=\"elementor-element elementor-element-a4e502c elementor-widget elementor-widget-text-editor\" data-id=\"a4e502c\" data-element_type=\"widget\" data-e-type=\"widget\" data-widget_type=\"text-editor.default\">\n\t\t\t\t<div class=\"elementor-widget-container\">\n\t\t\t\t\t\t\t\t\t<p><strong>FUNDACI\u00d3N CORPORACI\u00d3N TECNOL\u00d3GICA DE ANDALUCIA junto a AIHRE, <\/strong>(en adelante nos referiremos a ambas como<strong> CTA<\/strong>)<strong>,&nbsp;<\/strong>como responsable del tratamiento de sus datos, en cumplimiento de lo establecido en el REGLAMENTO UE 2016\/679 27 de abril de 2016, relativo a la protecci\u00f3n de las personas f\u00edsicas en lo que respecta al tratamiento de datos personales y a la libre circulaci\u00f3n de estos datos, y en la Ley Org\u00e1nica 3\/2018, de 5 de diciembre, de Protecci\u00f3n de Datos Personales y garant\u00eda de los derechos digitales, le informa:<\/p>\n<p><strong>DATOS DEL RESPONSABLE DE TRATAMIENTO<\/strong><\/p>\n<ul>\n<li>FUNDACI\u00d3N CORPORACI\u00d3N TECNOL\u00d3GICA DE ANDALUCIA<\/li>\n<li>CIF: G-91452953<\/li>\n<li>DIRECCI\u00d3N: C\/Albert Einstein, s\/n. Edificio Insur, 4\u00aa planta, PCT Cartuja, 41092 \u2013 Sevilla (Espa\u00f1a)<\/li>\n<li>TEL\u00c9FONO: (+34) 954 46 13 52<\/li>\n<li>CORREO ELECTR\u00d3NICO: cta@corporaciontecnologica.com<\/li>\n<\/ul><div><br><\/div>\n<p><strong><u>Origen de los datos<\/u><\/strong><strong>:<\/strong>&nbsp;los datos recabados han sido facilitados directamente por usted, y no se han recabado de ninguna otra fuente.<\/p>\n<p><\/p>\n<p><strong><u>Datos y finalidad<\/u><\/strong><strong>:<\/strong><\/p>\n<p><strong>&nbsp;<\/strong><\/p>\n<p>&nbsp;Los datos personales recabados por CTA ser\u00e1n en funci\u00f3n de la finalidad para la que se recaben:<\/p>\n<ul>\n<li>Suscripci\u00f3n a newsletters: nombre, apellidos y correo electr\u00f3nico. La finalidad del tratamiento ser\u00e1 informarle sobre nuestros servicios, ofertas, promociones y art\u00edculos o contenido, que puedan resultar de su inter\u00e9s, v\u00eda electr\u00f3nica y\/o telef\u00f3nica<\/li>\n<\/ul>\n<ul>\n<li>Asistencia a eventos: nombre, apellidos, correo electr\u00f3nico, cargo, g\u00e9nero, tel\u00e9fono y DNI. La finalidad del tratamiento ser\u00e1 la gesti\u00f3n de un evento organizado por CTA que contar\u00e1 con su asistencia<\/li>\n<\/ul>\n<ul>\n<li>Financiaci\u00f3n de proyectos de I+D+i: nombre, apellidos, cargo, CV, DNI, y datos de Seguridad Social. La finalidad del tratamiento ser\u00e1 la evaluaci\u00f3n y auditor\u00eda de proyectos incentivados por CTA.<\/li>\n<\/ul>\n<ul>\n<li>Proyectos europeos: nombre, apellidos, cargo, CV, DNI, y datos de Seguridad Social. La finalidad del tratamiento ser\u00e1 la gesti\u00f3n de la ejecuci\u00f3n del proyecto que se trate.<\/li>\n<\/ul>\n<ul>\n<li>Clientes y proveedores: nombre, apellidos, cargo y correo electr\u00f3nico. La finalidad del tratamiento ser\u00e1 la ejecuci\u00f3n del servicio contratado.<\/li>\n<\/ul>\n<p>Cualquier tipo de solicitud o sugerencia que llegue a CTA ser\u00e1 tratada de conformidad a la legislaci\u00f3n vigente con la \u00fanica finalidad de atenderla a la mayor brevedad<\/p>\n<p><strong><u>Legitimaci\u00f3n<\/u><\/strong><strong>:<\/strong><\/p>\n<p>La base legal para el tratamiento de los datos es el consentimiento de las personas interesadas para la tramitaci\u00f3n y gesti\u00f3n de cada una de las finalidades llevadas a cabo por CTA.<\/p>\n<p><strong><u>Conservaci\u00f3n de los datos:<\/u><\/strong><\/p>\n<p>Los datos recabados para dar respuesta a su solicitud, petici\u00f3n o consulta de nuestros productos y servicios, ser\u00e1n conservados indefinidamente hasta que, en su caso, nos manifieste tu voluntad de suprimirlos. Dichos datos permanecer\u00e1n debidamente bloqueados para su acceso una vez finalizado el tratamiento para el que se recabaron<\/p>\n<p><strong><u>Destinatarios de datos<\/u><\/strong><strong>:<\/strong>&nbsp; No se realizar\u00e1n cesiones de datos.<\/p>\n<p><strong><u>Transferencias Internacionales<\/u><\/strong><strong>:<\/strong>&nbsp;No vamos a realizar transferencias internacionales.<\/p>\n<p><strong><u>Decisiones automatizadas<\/u><\/strong><strong>:<\/strong>&nbsp;No hay decisiones automatizadas relativas a sus datos.<\/p>\n<p><strong><u>Derechos:<\/u><\/strong>&nbsp;Ud. puede ejercer los derechos que se relacionan a continuaci\u00f3n en el correo electr\u00f3nico&nbsp;<a href=\"mailto:cta@corporaciontecnologica.com\">cta@corporaciontecnologica.com<\/a>:<\/p>\n<ul>\n<li>A&nbsp;<u>obtener confirmaci\u00f3n<\/u>&nbsp;sobre si estamos tratando datos personales que les conciernan, o no.<\/li>\n<li>A&nbsp;<u>acceder<\/u>&nbsp;a sus datos personales, as\u00ed como a solicitar la<u>&nbsp;rectificaci\u00f3n<\/u>&nbsp;de los datos inexactos o, en su caso, solicitar su&nbsp;<u>supresi\u00f3n<\/u>&nbsp;cuando, entre otros motivos, los datos ya no sean necesarios para los fines que fueron recogidos.<\/li>\n<li>En determinadas circunstancias, los interesados podr\u00e1n solicitar la limitaci\u00f3n del tratamiento de sus datos, en cuyo caso \u00fanicamente los conservaremos para el ejercicio o la defensa de reclamaciones.<\/li>\n<li>En determinadas circunstancias y por motivos relacionados con su situaci\u00f3n particular, los interesados podr\u00e1n oponerse al tratamiento de sus datos. Dejaremos de tratar los datos, salvo por motivos leg\u00edtimos imperiosos, o el ejercicio o la defensa de posibles reclamaciones.<\/li>\n<li>A la portabilidad, que implica que los datos personales del interesado se transmitan directamente de un responsable a otro, sin necesidad de que sean transmitidos previamente al propio interesado, siempre que ello sea t\u00e9cnicamente posible.<\/li>\n<li>A retirar el consentimiento prestado.<\/li>\n<li><strong>A reclamar ante la Autoridad de Control:<\/strong>&nbsp;si considera que no se han respetado sus derechos, puede presentar una reclamaci\u00f3n dirigi\u00e9ndose por escrito a la Agencia Espa\u00f1ola de Protecci\u00f3n de Datos sita en la Calle Jorge Juan, 6, 28001 Madrid o utilizar la sede electr\u00f3nica:&nbsp;<a href=\"https:\/\/sedeagpd.gob.es\/\">https:\/\/sedeagpd.gob.es<\/a>. En ambos casos, deber\u00e1 acompa\u00f1ar la documentaci\u00f3n pertinente.<\/li>\n<\/ul>\t\t\t\t\t\t\t\t<\/div>\n\t\t\t\t<\/div>\n\t\t\t\t\t<\/div>\n\t\t\t\t<\/div>\n\t\t\t\t<\/div>","protected":false},"excerpt":{"rendered":"<p>FUNDACI\u00d3N CORPORACI\u00d3N TECNOL\u00d3GICA DE ANDALUCIA junto a AIHRE, (en adelante nos referiremos a ambas como CTA),&nbsp;como responsable del tratamiento de sus datos, en cumplimiento de lo establecido en el REGLAMENTO [&hellip;]<\/p>\n","protected":false},"author":1,"featured_media":0,"parent":0,"menu_order":0,"comment_status":"closed","ping_status":"closed","template":"","meta":{"footnotes":""},"class_list":["post-662","page","type-page","status-publish","hentry"],"yoast_head":"<!-- This site is optimized with the Yoast SEO plugin v27.4 - https:\/\/yoast.com\/product\/yoast-seo-wordpress\/ -->\n<title>Aviso legal - AIHRE<\/title>\n<meta name=\"robots\" content=\"index, follow, max-snippet:-1, max-image-preview:large, max-video-preview:-1\" \/>\n<link rel=\"canonical\" href=\"https:\/\/aihre.eu\/pt\/aviso-legal\/\" \/>\n<meta property=\"og:locale\" content=\"pt_PT\" \/>\n<meta property=\"og:type\" content=\"article\" \/>\n<meta property=\"og:title\" content=\"Aviso legal - AIHRE\" \/>\n<meta property=\"og:description\" content=\"FUNDACI\u00d3N CORPORACI\u00d3N TECNOL\u00d3GICA DE ANDALUCIA junto a AIHRE, (en adelante nos referiremos a ambas como CTA),&nbsp;como responsable del tratamiento de sus datos, en cumplimiento de lo establecido en el REGLAMENTO [&hellip;]\" \/>\n<meta property=\"og:url\" content=\"https:\/\/aihre.eu\/pt\/aviso-legal\/\" \/>\n<meta property=\"og:site_name\" content=\"AIHRE\" \/>\n<meta property=\"article:modified_time\" content=\"2024-01-15T10:02:48+00:00\" \/>\n<meta name=\"twitter:card\" content=\"summary_large_image\" \/>\n<meta name=\"twitter:label1\" content=\"Tempo estimado de leitura\" \/>\n\t<meta name=\"twitter:data1\" content=\"4 minutos\" \/>\n<script type=\"application\/ld+json\" class=\"yoast-schema-graph\">{\"@context\":\"https:\\\/\\\/schema.org\",\"@graph\":[{\"@type\":\"WebPage\",\"@id\":\"https:\\\/\\\/aihre.eu\\\/aviso-legal\\\/\",\"url\":\"https:\\\/\\\/aihre.eu\\\/aviso-legal\\\/\",\"name\":\"Aviso legal - AIHRE\",\"isPartOf\":{\"@id\":\"https:\\\/\\\/aihre.eu\\\/#website\"},\"datePublished\":\"2024-01-15T08:16:37+00:00\",\"dateModified\":\"2024-01-15T10:02:48+00:00\",\"breadcrumb\":{\"@id\":\"https:\\\/\\\/aihre.eu\\\/aviso-legal\\\/#breadcrumb\"},\"inLanguage\":\"pt-PT\",\"potentialAction\":[{\"@type\":\"ReadAction\",\"target\":[\"https:\\\/\\\/aihre.eu\\\/aviso-legal\\\/\"]}]},{\"@type\":\"BreadcrumbList\",\"@id\":\"https:\\\/\\\/aihre.eu\\\/aviso-legal\\\/#breadcrumb\",\"itemListElement\":[{\"@type\":\"ListItem\",\"position\":1,\"name\":\"Portada\",\"item\":\"https:\\\/\\\/aihre.eu\\\/\"},{\"@type\":\"ListItem\",\"position\":2,\"name\":\"Aviso legal\"}]},{\"@type\":\"WebSite\",\"@id\":\"https:\\\/\\\/aihre.eu\\\/#website\",\"url\":\"https:\\\/\\\/aihre.eu\\\/\",\"name\":\"AIHRE\",\"description\":\"\",\"publisher\":{\"@id\":\"https:\\\/\\\/aihre.eu\\\/#organization\"},\"potentialAction\":[{\"@type\":\"SearchAction\",\"target\":{\"@type\":\"EntryPoint\",\"urlTemplate\":\"https:\\\/\\\/aihre.eu\\\/?s={search_term_string}\"},\"query-input\":{\"@type\":\"PropertyValueSpecification\",\"valueRequired\":true,\"valueName\":\"search_term_string\"}}],\"inLanguage\":\"pt-PT\"},{\"@type\":\"Organization\",\"@id\":\"https:\\\/\\\/aihre.eu\\\/#organization\",\"name\":\"AIHRE\",\"url\":\"https:\\\/\\\/aihre.eu\\\/\",\"logo\":{\"@type\":\"ImageObject\",\"inLanguage\":\"pt-PT\",\"@id\":\"https:\\\/\\\/aihre.eu\\\/#\\\/schema\\\/logo\\\/image\\\/\",\"url\":\"https:\\\/\\\/aihre.eu\\\/wp-content\\\/uploads\\\/2023\\\/12\\\/unnamed-1.png\",\"contentUrl\":\"https:\\\/\\\/aihre.eu\\\/wp-content\\\/uploads\\\/2023\\\/12\\\/unnamed-1.png\",\"width\":597,\"height\":136,\"caption\":\"AIHRE\"},\"image\":{\"@id\":\"https:\\\/\\\/aihre.eu\\\/#\\\/schema\\\/logo\\\/image\\\/\"}}]}<\/script>\n<!-- \/ Yoast SEO plugin. -->","yoast_head_json":{"title":"Aviso legal - AIHRE","robots":{"index":"index","follow":"follow","max-snippet":"max-snippet:-1","max-image-preview":"max-image-preview:large","max-video-preview":"max-video-preview:-1"},"canonical":"https:\/\/aihre.eu\/pt\/aviso-legal\/","og_locale":"pt_PT","og_type":"article","og_title":"Aviso legal - AIHRE","og_description":"FUNDACI\u00d3N CORPORACI\u00d3N TECNOL\u00d3GICA DE ANDALUCIA junto a AIHRE, (en adelante nos referiremos a ambas como CTA),&nbsp;como responsable del tratamiento de sus datos, en cumplimiento de lo establecido en el REGLAMENTO [&hellip;]","og_url":"https:\/\/aihre.eu\/pt\/aviso-legal\/","og_site_name":"AIHRE","article_modified_time":"2024-01-15T10:02:48+00:00","twitter_card":"summary_large_image","twitter_misc":{"Tempo estimado de leitura":"4 minutos"},"schema":{"@context":"https:\/\/schema.org","@graph":[{"@type":"WebPage","@id":"https:\/\/aihre.eu\/aviso-legal\/","url":"https:\/\/aihre.eu\/aviso-legal\/","name":"Aviso legal - AIHRE","isPartOf":{"@id":"https:\/\/aihre.eu\/#website"},"datePublished":"2024-01-15T08:16:37+00:00","dateModified":"2024-01-15T10:02:48+00:00","breadcrumb":{"@id":"https:\/\/aihre.eu\/aviso-legal\/#breadcrumb"},"inLanguage":"pt-PT","potentialAction":[{"@type":"ReadAction","target":["https:\/\/aihre.eu\/aviso-legal\/"]}]},{"@type":"BreadcrumbList","@id":"https:\/\/aihre.eu\/aviso-legal\/#breadcrumb","itemListElement":[{"@type":"ListItem","position":1,"name":"Portada","item":"https:\/\/aihre.eu\/"},{"@type":"ListItem","position":2,"name":"Aviso legal"}]},{"@type":"WebSite","@id":"https:\/\/aihre.eu\/#website","url":"https:\/\/aihre.eu\/","name":"AIHRE","description":"","publisher":{"@id":"https:\/\/aihre.eu\/#organization"},"potentialAction":[{"@type":"SearchAction","target":{"@type":"EntryPoint","urlTemplate":"https:\/\/aihre.eu\/?s={search_term_string}"},"query-input":{"@type":"PropertyValueSpecification","valueRequired":true,"valueName":"search_term_string"}}],"inLanguage":"pt-PT"},{"@type":"Organization","@id":"https:\/\/aihre.eu\/#organization","name":"AIHRE","url":"https:\/\/aihre.eu\/","logo":{"@type":"ImageObject","inLanguage":"pt-PT","@id":"https:\/\/aihre.eu\/#\/schema\/logo\/image\/","url":"https:\/\/aihre.eu\/wp-content\/uploads\/2023\/12\/unnamed-1.png","contentUrl":"https:\/\/aihre.eu\/wp-content\/uploads\/2023\/12\/unnamed-1.png","width":597,"height":136,"caption":"AIHRE"},"image":{"@id":"https:\/\/aihre.eu\/#\/schema\/logo\/image\/"}}]}},"_links":{"self":[{"href":"https:\/\/aihre.eu\/pt\/wp-json\/wp\/v2\/pages\/662","targetHints":{"allow":["GET"]}}],"collection":[{"href":"https:\/\/aihre.eu\/pt\/wp-json\/wp\/v2\/pages"}],"about":[{"href":"https:\/\/aihre.eu\/pt\/wp-json\/wp\/v2\/types\/page"}],"author":[{"embeddable":true,"href":"https:\/\/aihre.eu\/pt\/wp-json\/wp\/v2\/users\/1"}],"replies":[{"embeddable":true,"href":"https:\/\/aihre.eu\/pt\/wp-json\/wp\/v2\/comments?post=662"}],"version-history":[{"count":7,"href":"https:\/\/aihre.eu\/pt\/wp-json\/wp\/v2\/pages\/662\/revisions"}],"predecessor-version":[{"id":709,"href":"https:\/\/aihre.eu\/pt\/wp-json\/wp\/v2\/pages\/662\/revisions\/709"}],"wp:attachment":[{"href":"https:\/\/aihre.eu\/pt\/wp-json\/wp\/v2\/media?parent=662"}],"curies":[{"name":"wp","href":"https:\/\/api.w.org\/{rel}","templated":true}]}}