{"id":950,"date":"2024-03-30T15:57:47","date_gmt":"2024-03-30T15:57:47","guid":{"rendered":"https:\/\/aihre.eu\/?page_id=950"},"modified":"2024-04-29T07:24:46","modified_gmt":"2024-04-29T07:24:46","slug":"ecosistema-aihre","status":"publish","type":"page","link":"https:\/\/aihre.eu\/pt\/ecosistema-aihre\/","title":{"rendered":"do Ecossistema AIHRE,"},"content":{"rendered":"<div data-elementor-type=\"wp-page\" data-elementor-id=\"950\" class=\"elementor elementor-950\" data-elementor-post-type=\"page\">\n\t\t\t\t<div class=\"elementor-element elementor-element-46295974 e-con-full e-flex e-con e-parent\" data-id=\"46295974\" data-element_type=\"container\" data-e-type=\"container\">\n\t\t<div class=\"elementor-element elementor-element-6fb43504 e-flex e-con-boxed e-con e-child\" data-id=\"6fb43504\" data-element_type=\"container\" data-e-type=\"container\" data-settings=\"{&quot;background_background&quot;:&quot;classic&quot;}\">\n\t\t\t\t\t<div class=\"e-con-inner\">\n\t\t<div class=\"elementor-element elementor-element-916c214 e-flex e-con-boxed e-con e-child\" data-id=\"916c214\" data-element_type=\"container\" data-e-type=\"container\">\n\t\t\t\t\t<div class=\"e-con-inner\">\n\t\t\t\t<div class=\"elementor-element elementor-element-1c02f73e elementor-invisible elementor-widget elementor-widget-heading\" data-id=\"1c02f73e\" data-element_type=\"widget\" data-e-type=\"widget\" data-settings=\"{&quot;_animation&quot;:&quot;fadeInUp&quot;,&quot;_animation_delay&quot;:200}\" data-widget_type=\"heading.default\">\n\t\t\t\t<div class=\"elementor-widget-container\">\n\t\t\t\t\t<h1 class=\"elementor-heading-title elementor-size-default\">do Ecossistema AIHRE,<\/h1>\t\t\t\t<\/div>\n\t\t\t\t<\/div>\n\t\t\t\t\t<\/div>\n\t\t\t\t<\/div>\n\t\t\t\t\t<\/div>\n\t\t\t\t<\/div>\n\t\t\t\t<\/div>\n\t\t<div class=\"elementor-element elementor-element-7f8bc8e e-flex e-con-boxed elementor-invisible e-con e-parent\" data-id=\"7f8bc8e\" data-element_type=\"container\" data-e-type=\"container\" data-settings=\"{&quot;animation&quot;:&quot;fadeIn&quot;,&quot;animation_delay&quot;:600}\">\n\t\t\t\t\t<div class=\"e-con-inner\">\n\t\t<div class=\"elementor-element elementor-element-2e73c98 e-flex e-con-boxed e-con e-child\" data-id=\"2e73c98\" data-element_type=\"container\" data-e-type=\"container\">\n\t\t\t\t\t<div class=\"e-con-inner\">\n\t\t\t\t<div class=\"elementor-element elementor-element-4a08618 elementor-invisible elementor-widget elementor-widget-text-editor\" data-id=\"4a08618\" data-element_type=\"widget\" data-e-type=\"widget\" data-settings=\"{&quot;_animation&quot;:&quot;fadeInDown&quot;}\" data-widget_type=\"text-editor.default\">\n\t\t\t\t<div class=\"elementor-widget-container\">\n\t\t\t\t\t\t\t\t\t<p style=\"font-weight: 400;\" class=\"translation-block\">O <strong>Ecossistema AIHRE<\/strong> nasce com o objetivo de desenvolver uma comunidade entre os diferentes actores empenhados na promo\u00e7\u00e3o da utiliza\u00e7\u00e3o do <strong>hidrog\u00e9nio renov\u00e1vel<\/strong> no espa\u00e7o POCTEP<\/p><p style=\"font-weight: 400;\">Atrav\u00e9s desta comunidade, os diferentes intervenientes poder\u00e3o aceder a informa\u00e7\u00f5es sobre eventos relacionados com as energias renov\u00e1veis, participar em sess\u00f5es de networking e contribuir para alcan\u00e7ar os objectivos do projeto.<\/p><p style=\"font-weight: 400;\" class=\"translation-block\">Se deseja fazer parte deste interc\u00e2mbio de conhecimentos e experi\u00eancias, preencha o <a href=\"https:\/\/forms.office.com\/pages\/responsepage.aspx?id=5sNqUdDNmk-wz5JL_7aEzFN5G-PV3ypNlyeJ3y3s7ltUMzVWOFVIMklUTllZV1pWU1dXWjM2NjQzTS4u\" target=\"_blank\" rel=\"noopener\"><strong>formul\u00e1rio<\/strong><\/a> e os dados da sua organiza\u00e7\u00e3o ser\u00e3o inclu\u00eddos no mapa interativo do nosso site. Convidamo-lo a completar o <strong>Ecossistema AIHRE!<\/strong><\/p>\t\t\t\t\t\t\t\t<\/div>\n\t\t\t\t<\/div>\n\t\t\t\t\t<\/div>\n\t\t\t\t<\/div>\n\t\t\t\t\t<\/div>\n\t\t\t\t<\/div>\n\t\t<div class=\"elementor-element elementor-element-7d8ecd95 e-flex e-con-boxed elementor-invisible e-con e-parent\" data-id=\"7d8ecd95\" data-element_type=\"container\" data-e-type=\"container\" data-settings=\"{&quot;animation&quot;:&quot;fadeIn&quot;,&quot;animation_delay&quot;:600}\">\n\t\t\t\t\t<div class=\"e-con-inner\">\n\t\t<div class=\"elementor-element elementor-element-cab6b85 e-transform e-flex e-con-boxed e-con e-child\" data-id=\"cab6b85\" data-element_type=\"container\" data-e-type=\"container\" data-settings=\"{&quot;background_background&quot;:&quot;classic&quot;,&quot;_transform_translateY_effect&quot;:{&quot;unit&quot;:&quot;px&quot;,&quot;size&quot;:23,&quot;sizes&quot;:[]},&quot;_transform_translateX_effect&quot;:{&quot;unit&quot;:&quot;px&quot;,&quot;size&quot;:&quot;&quot;,&quot;sizes&quot;:[]},&quot;_transform_translateX_effect_tablet&quot;:{&quot;unit&quot;:&quot;px&quot;,&quot;size&quot;:&quot;&quot;,&quot;sizes&quot;:[]},&quot;_transform_translateX_effect_mobile&quot;:{&quot;unit&quot;:&quot;px&quot;,&quot;size&quot;:&quot;&quot;,&quot;sizes&quot;:[]},&quot;_transform_translateY_effect_tablet&quot;:{&quot;unit&quot;:&quot;px&quot;,&quot;size&quot;:&quot;&quot;,&quot;sizes&quot;:[]},&quot;_transform_translateY_effect_mobile&quot;:{&quot;unit&quot;:&quot;px&quot;,&quot;size&quot;:&quot;&quot;,&quot;sizes&quot;:[]}}\">\n\t\t\t\t\t<div class=\"e-con-inner\">\n\t\t\t\t\t<\/div>\n\t\t\t\t<\/div>\n\t\t\t\t<div class=\"elementor-element elementor-element-437c46b0 e-transform elementor-widget elementor-widget-html\" data-id=\"437c46b0\" data-element_type=\"widget\" data-e-type=\"widget\" data-settings=\"{&quot;_transform_translateX_effect&quot;:{&quot;unit&quot;:&quot;px&quot;,&quot;size&quot;:0,&quot;sizes&quot;:[]},&quot;_transform_translateX_effect_tablet&quot;:{&quot;unit&quot;:&quot;px&quot;,&quot;size&quot;:&quot;&quot;,&quot;sizes&quot;:[]},&quot;_transform_translateX_effect_mobile&quot;:{&quot;unit&quot;:&quot;px&quot;,&quot;size&quot;:&quot;&quot;,&quot;sizes&quot;:[]},&quot;_transform_translateY_effect&quot;:{&quot;unit&quot;:&quot;px&quot;,&quot;size&quot;:&quot;&quot;,&quot;sizes&quot;:[]},&quot;_transform_translateY_effect_tablet&quot;:{&quot;unit&quot;:&quot;px&quot;,&quot;size&quot;:&quot;&quot;,&quot;sizes&quot;:[]},&quot;_transform_translateY_effect_mobile&quot;:{&quot;unit&quot;:&quot;px&quot;,&quot;size&quot;:&quot;&quot;,&quot;sizes&quot;:[]}}\" data-widget_type=\"html.default\">\n\t\t\t\t<div class=\"elementor-widget-container\">\n\t\t\t\t\t<div class=\"map-container\"><iframe src=\"https:\/\/app.powerbi.com\/view?r=eyJrIjoiNjIxYTViMGYtOGY0ZC00NDZhLWFkNjYtYWEwZWZhOGM3NGFkIiwidCI6IjUxNmFjM2U2LWNkZDAtNGY5YS1iMGNmLTkyNGJmZmI2ODRjYyIsImMiOjl9\" frameborder=\"0\" allowfullscreen=\"true\"><\/iframe><\/div>\t\t\t\t<\/div>\n\t\t\t\t<\/div>\n\t\t<div class=\"elementor-element elementor-element-c335c6d e-con-full e-flex e-con e-child\" data-id=\"c335c6d\" data-element_type=\"container\" data-e-type=\"container\">\n\t\t\t\t<div class=\"elementor-element elementor-element-986af45 elementor-hidden-mobile elementor-view-default elementor-invisible elementor-widget elementor-widget-icon\" data-id=\"986af45\" data-element_type=\"widget\" data-e-type=\"widget\" data-settings=\"{&quot;_animation&quot;:&quot;fadeInDown&quot;}\" data-widget_type=\"icon.default\">\n\t\t\t\t<div class=\"elementor-widget-container\">\n\t\t\t\t\t\t\t<div class=\"elementor-icon-wrapper\">\n\t\t\t<div class=\"elementor-icon\">\n\t\t\t<i aria-hidden=\"true\" class=\"arrow_carrot-2down_alt2\"><\/i>\t\t\t<\/div>\n\t\t<\/div>\n\t\t\t\t\t\t<\/div>\n\t\t\t\t<\/div>\n\t\t\t\t<\/div>\n\t\t\t\t\t<\/div>\n\t\t\t\t<\/div>\n\t\t<div class=\"elementor-element elementor-element-159fddae e-flex e-con-boxed e-con e-parent\" data-id=\"159fddae\" data-element_type=\"container\" data-e-type=\"container\" data-settings=\"{&quot;background_background&quot;:&quot;classic&quot;}\">\n\t\t\t\t\t<div class=\"e-con-inner\">\n\t\t<div class=\"elementor-element elementor-element-42794587 e-con-full e-flex e-con e-child\" data-id=\"42794587\" data-element_type=\"container\" data-e-type=\"container\">\n\t\t\t\t<div class=\"elementor-element elementor-element-53071242 animated-slow elementor-invisible elementor-widget elementor-widget-heading\" data-id=\"53071242\" data-element_type=\"widget\" data-e-type=\"widget\" data-settings=\"{&quot;_animation&quot;:&quot;fadeInLeft&quot;}\" data-widget_type=\"heading.default\">\n\t\t\t\t<div class=\"elementor-widget-container\">\n\t\t\t\t\t<h2 class=\"elementor-heading-title elementor-size-default translation-block\">JUNTE-SE AO ECOSSISTEMA AIHRE<\/h2>\t\t\t\t<\/div>\n\t\t\t\t<\/div>\n\t\t\t\t<div class=\"elementor-element elementor-element-33ad4fa1 animated-slow elementor-invisible elementor-widget elementor-widget-heading\" data-id=\"33ad4fa1\" data-element_type=\"widget\" data-e-type=\"widget\" data-settings=\"{&quot;_animation&quot;:&quot;fadeInLeft&quot;}\" data-widget_type=\"heading.default\">\n\t\t\t\t<div class=\"elementor-widget-container\">\n\t\t\t\t\t<h3 class=\"elementor-heading-title elementor-size-default\"><a href=\"https:\/\/forms.office.com\/pages\/responsepage.aspx?id=5sNqUdDNmk-wz5JL_7aEzFN5G-PV3ypNlyeJ3y3s7ltUMzVWOFVIMklUTllZV1pWU1dXWjM2NjQzTS4u\">Aceda ao formul\u00e1rio para aderir ao mapa de identidade da cadeia de valor do hidrog\u00e9nio no espa\u00e7o transfronteiri\u00e7o Espanha-Portugal<\/a><\/h3>\t\t\t\t<\/div>\n\t\t\t\t<\/div>\n\t\t\t\t<div class=\"elementor-element elementor-element-5a5911df animated-slow elementor-invisible elementor-widget elementor-widget-button\" data-id=\"5a5911df\" data-element_type=\"widget\" data-e-type=\"widget\" data-settings=\"{&quot;_animation&quot;:&quot;fadeInLeft&quot;}\" data-widget_type=\"button.default\">\n\t\t\t\t<div class=\"elementor-widget-container\">\n\t\t\t\t\t\t\t\t\t<div class=\"elementor-button-wrapper\">\n\t\t\t\t\t<a class=\"elementor-button elementor-button-link elementor-size-sm\" href=\"https:\/\/forms.office.com\/pages\/responsepage.aspx?id=5sNqUdDNmk-wz5JL_7aEzFN5G-PV3ypNlyeJ3y3s7ltUMzVWOFVIMklUTllZV1pWU1dXWjM2NjQzTS4u\" target=\"_blank\">\n\t\t\t\t\t\t<span class=\"elementor-button-content-wrapper\">\n\t\t\t\t\t\t<span class=\"elementor-button-icon\">\n\t\t\t\t<svg aria-hidden=\"true\" class=\"e-font-icon-svg e-far-edit\" viewbox=\"0 0 576 512\" xmlns=\"http:\/\/www.w3.org\/2000\/svg\"><path d=\"M402.3 344.9l32-32c5-5 13.7-1.5 13.7 5.7V464c0 26.5-21.5 48-48 48H48c-26.5 0-48-21.5-48-48V112c0-26.5 21.5-48 48-48h273.5c7.1 0 10.7 8.6 5.7 13.7l-32 32c-1.5 1.5-3.5 2.3-5.7 2.3H48v352h352V350.5c0-2.1.8-4.1 2.3-5.6zm156.6-201.8L296.3 405.7l-90.4 10c-26.2 2.9-48.5-19.2-45.6-45.6l10-90.4L432.9 17.1c22.9-22.9 59.9-22.9 82.7 0l43.2 43.2c22.9 22.9 22.9 60 .1 82.8zM460.1 174L402 115.9 216.2 301.8l-7.3 65.3 65.3-7.3L460.1 174zm64.8-79.7l-43.2-43.2c-4.1-4.1-10.8-4.1-14.8 0L436 82l58.1 58.1 30.9-30.9c4-4.2 4-10.8-.1-14.9z\"><\/path><\/svg>\t\t\t<\/span>\n\t\t\t\t\t\t\t\t\t<span class=\"elementor-button-text\">ACESSO<\/span>\n\t\t\t\t\t<\/span>\n\t\t\t\t\t<\/a>\n\t\t\t\t<\/div>\n\t\t\t\t\t\t\t\t<\/div>\n\t\t\t\t<\/div>\n\t\t\t\t<\/div>\n\t\t<div class=\"elementor-element elementor-element-136c3c93 e-con-full e-flex e-con e-child\" data-id=\"136c3c93\" data-element_type=\"container\" data-e-type=\"container\">\n\t\t\t\t<div class=\"elementor-element elementor-element-52f9c4df animated-slow elementor-invisible elementor-widget elementor-widget-image\" data-id=\"52f9c4df\" data-element_type=\"widget\" data-e-type=\"widget\" data-settings=\"{&quot;_animation&quot;:&quot;fadeInRight&quot;}\" data-widget_type=\"image.default\">\n\t\t\t\t<div class=\"elementor-widget-container\">\n\t\t\t\t\t\t\t\t\t\t\t\t\t\t\t\t<a href=\"https:\/\/forms.office.com\/pages\/responsepage.aspx?id=5sNqUdDNmk-wz5JL_7aEzFN5G-PV3ypNlyeJ3y3s7ltUMzVWOFVIMklUTllZV1pWU1dXWjM2NjQzTS4u\" target=\"_blank\">\n\t\t\t\t\t\t\t<img fetchpriority=\"high\" decoding=\"async\" width=\"800\" height=\"450\" src=\"https:\/\/aihre.eu\/wp-content\/uploads\/2024\/03\/FORMULARIO-1024x576.jpg\" class=\"attachment-large size-large wp-image-982\" alt=\"\" srcset=\"https:\/\/aihre.eu\/wp-content\/uploads\/2024\/03\/FORMULARIO-1024x576.jpg 1024w, https:\/\/aihre.eu\/wp-content\/uploads\/2024\/03\/FORMULARIO-300x169.jpg 300w, https:\/\/aihre.eu\/wp-content\/uploads\/2024\/03\/FORMULARIO-768x432.jpg 768w, https:\/\/aihre.eu\/wp-content\/uploads\/2024\/03\/FORMULARIO-1536x864.jpg 1536w, https:\/\/aihre.eu\/wp-content\/uploads\/2024\/03\/FORMULARIO-2048x1152.jpg 2048w, https:\/\/aihre.eu\/wp-content\/uploads\/2024\/03\/FORMULARIO-18x10.jpg 18w\" sizes=\"(max-width: 800px) 100vw, 800px\" \/>\t\t\t\t\t\t\t\t<\/a>\n\t\t\t\t\t\t\t\t\t\t\t\t\t\t\t<\/div>\n\t\t\t\t<\/div>\n\t\t\t\t<\/div>\n\t\t\t\t\t<\/div>\n\t\t\t\t<\/div>\n\t\t\t\t<\/div>","protected":false},"excerpt":{"rendered":"<p>Ecosistema AIHRE El Ecosistema AIHRE nace con el objetivo de desarrollar una comunidad entre distintos actores comprometidos con la promoci\u00f3n del uso de hidr\u00f3geno renovable en la zona POCTEP. A [&hellip;]<\/p>\n","protected":false},"author":2,"featured_media":0,"parent":0,"menu_order":0,"comment_status":"closed","ping_status":"closed","template":"","meta":{"footnotes":""},"class_list":["post-950","page","type-page","status-publish","hentry"],"yoast_head":"<!-- This site is optimized with the Yoast SEO plugin v27.4 - https:\/\/yoast.com\/product\/yoast-seo-wordpress\/ -->\n<title>Ecosistema AIHRE - AIHRE<\/title>\n<meta name=\"robots\" content=\"index, follow, max-snippet:-1, max-image-preview:large, max-video-preview:-1\" \/>\n<link rel=\"canonical\" href=\"https:\/\/aihre.eu\/pt\/ecosistema-aihre\/\" \/>\n<meta property=\"og:locale\" content=\"pt_PT\" \/>\n<meta property=\"og:type\" content=\"article\" \/>\n<meta property=\"og:title\" content=\"Ecosistema AIHRE - AIHRE\" \/>\n<meta property=\"og:description\" content=\"Ecosistema AIHRE El Ecosistema AIHRE nace con el objetivo de desarrollar una comunidad entre distintos actores comprometidos con la promoci\u00f3n del uso de hidr\u00f3geno renovable en la zona POCTEP. A [&hellip;]\" \/>\n<meta property=\"og:url\" content=\"https:\/\/aihre.eu\/pt\/ecosistema-aihre\/\" \/>\n<meta property=\"og:site_name\" content=\"AIHRE\" \/>\n<meta property=\"article:modified_time\" content=\"2024-04-29T07:24:46+00:00\" \/>\n<meta property=\"og:image\" content=\"https:\/\/aihre.eu\/wp-content\/uploads\/2024\/03\/FORMULARIO-1024x576.jpg\" \/>\n<meta name=\"twitter:card\" content=\"summary_large_image\" \/>\n<meta name=\"twitter:label1\" content=\"Tempo estimado de leitura\" \/>\n\t<meta name=\"twitter:data1\" content=\"1 minuto\" \/>\n<script type=\"application\/ld+json\" class=\"yoast-schema-graph\">{\"@context\":\"https:\\\/\\\/schema.org\",\"@graph\":[{\"@type\":\"WebPage\",\"@id\":\"https:\\\/\\\/aihre.eu\\\/ecosistema-aihre\\\/\",\"url\":\"https:\\\/\\\/aihre.eu\\\/ecosistema-aihre\\\/\",\"name\":\"Ecosistema AIHRE - AIHRE\",\"isPartOf\":{\"@id\":\"https:\\\/\\\/aihre.eu\\\/#website\"},\"primaryImageOfPage\":{\"@id\":\"https:\\\/\\\/aihre.eu\\\/ecosistema-aihre\\\/#primaryimage\"},\"image\":{\"@id\":\"https:\\\/\\\/aihre.eu\\\/ecosistema-aihre\\\/#primaryimage\"},\"thumbnailUrl\":\"https:\\\/\\\/aihre.eu\\\/wp-content\\\/uploads\\\/2024\\\/03\\\/FORMULARIO-1024x576.jpg\",\"datePublished\":\"2024-03-30T15:57:47+00:00\",\"dateModified\":\"2024-04-29T07:24:46+00:00\",\"breadcrumb\":{\"@id\":\"https:\\\/\\\/aihre.eu\\\/ecosistema-aihre\\\/#breadcrumb\"},\"inLanguage\":\"pt-PT\",\"potentialAction\":[{\"@type\":\"ReadAction\",\"target\":[\"https:\\\/\\\/aihre.eu\\\/ecosistema-aihre\\\/\"]}]},{\"@type\":\"ImageObject\",\"inLanguage\":\"pt-PT\",\"@id\":\"https:\\\/\\\/aihre.eu\\\/ecosistema-aihre\\\/#primaryimage\",\"url\":\"https:\\\/\\\/aihre.eu\\\/wp-content\\\/uploads\\\/2024\\\/03\\\/FORMULARIO-1024x576.jpg\",\"contentUrl\":\"https:\\\/\\\/aihre.eu\\\/wp-content\\\/uploads\\\/2024\\\/03\\\/FORMULARIO-1024x576.jpg\"},{\"@type\":\"BreadcrumbList\",\"@id\":\"https:\\\/\\\/aihre.eu\\\/ecosistema-aihre\\\/#breadcrumb\",\"itemListElement\":[{\"@type\":\"ListItem\",\"position\":1,\"name\":\"Portada\",\"item\":\"https:\\\/\\\/aihre.eu\\\/\"},{\"@type\":\"ListItem\",\"position\":2,\"name\":\"Ecosistema AIHRE\"}]},{\"@type\":\"WebSite\",\"@id\":\"https:\\\/\\\/aihre.eu\\\/#website\",\"url\":\"https:\\\/\\\/aihre.eu\\\/\",\"name\":\"AIHRE\",\"description\":\"\",\"publisher\":{\"@id\":\"https:\\\/\\\/aihre.eu\\\/#organization\"},\"potentialAction\":[{\"@type\":\"SearchAction\",\"target\":{\"@type\":\"EntryPoint\",\"urlTemplate\":\"https:\\\/\\\/aihre.eu\\\/?s={search_term_string}\"},\"query-input\":{\"@type\":\"PropertyValueSpecification\",\"valueRequired\":true,\"valueName\":\"search_term_string\"}}],\"inLanguage\":\"pt-PT\"},{\"@type\":\"Organization\",\"@id\":\"https:\\\/\\\/aihre.eu\\\/#organization\",\"name\":\"AIHRE\",\"url\":\"https:\\\/\\\/aihre.eu\\\/\",\"logo\":{\"@type\":\"ImageObject\",\"inLanguage\":\"pt-PT\",\"@id\":\"https:\\\/\\\/aihre.eu\\\/#\\\/schema\\\/logo\\\/image\\\/\",\"url\":\"https:\\\/\\\/aihre.eu\\\/wp-content\\\/uploads\\\/2023\\\/12\\\/unnamed-1.png\",\"contentUrl\":\"https:\\\/\\\/aihre.eu\\\/wp-content\\\/uploads\\\/2023\\\/12\\\/unnamed-1.png\",\"width\":597,\"height\":136,\"caption\":\"AIHRE\"},\"image\":{\"@id\":\"https:\\\/\\\/aihre.eu\\\/#\\\/schema\\\/logo\\\/image\\\/\"}}]}<\/script>\n<!-- \/ Yoast SEO plugin. -->","yoast_head_json":{"title":"Ecosistema AIHRE - AIHRE","robots":{"index":"index","follow":"follow","max-snippet":"max-snippet:-1","max-image-preview":"max-image-preview:large","max-video-preview":"max-video-preview:-1"},"canonical":"https:\/\/aihre.eu\/pt\/ecosistema-aihre\/","og_locale":"pt_PT","og_type":"article","og_title":"Ecosistema AIHRE - AIHRE","og_description":"Ecosistema AIHRE El Ecosistema AIHRE nace con el objetivo de desarrollar una comunidad entre distintos actores comprometidos con la promoci\u00f3n del uso de hidr\u00f3geno renovable en la zona POCTEP. A [&hellip;]","og_url":"https:\/\/aihre.eu\/pt\/ecosistema-aihre\/","og_site_name":"AIHRE","article_modified_time":"2024-04-29T07:24:46+00:00","og_image":[{"url":"https:\/\/aihre.eu\/wp-content\/uploads\/2024\/03\/FORMULARIO-1024x576.jpg","type":"","width":"","height":""}],"twitter_card":"summary_large_image","twitter_misc":{"Tempo estimado de leitura":"1 minuto"},"schema":{"@context":"https:\/\/schema.org","@graph":[{"@type":"WebPage","@id":"https:\/\/aihre.eu\/ecosistema-aihre\/","url":"https:\/\/aihre.eu\/ecosistema-aihre\/","name":"Ecosistema AIHRE - AIHRE","isPartOf":{"@id":"https:\/\/aihre.eu\/#website"},"primaryImageOfPage":{"@id":"https:\/\/aihre.eu\/ecosistema-aihre\/#primaryimage"},"image":{"@id":"https:\/\/aihre.eu\/ecosistema-aihre\/#primaryimage"},"thumbnailUrl":"https:\/\/aihre.eu\/wp-content\/uploads\/2024\/03\/FORMULARIO-1024x576.jpg","datePublished":"2024-03-30T15:57:47+00:00","dateModified":"2024-04-29T07:24:46+00:00","breadcrumb":{"@id":"https:\/\/aihre.eu\/ecosistema-aihre\/#breadcrumb"},"inLanguage":"pt-PT","potentialAction":[{"@type":"ReadAction","target":["https:\/\/aihre.eu\/ecosistema-aihre\/"]}]},{"@type":"ImageObject","inLanguage":"pt-PT","@id":"https:\/\/aihre.eu\/ecosistema-aihre\/#primaryimage","url":"https:\/\/aihre.eu\/wp-content\/uploads\/2024\/03\/FORMULARIO-1024x576.jpg","contentUrl":"https:\/\/aihre.eu\/wp-content\/uploads\/2024\/03\/FORMULARIO-1024x576.jpg"},{"@type":"BreadcrumbList","@id":"https:\/\/aihre.eu\/ecosistema-aihre\/#breadcrumb","itemListElement":[{"@type":"ListItem","position":1,"name":"Portada","item":"https:\/\/aihre.eu\/"},{"@type":"ListItem","position":2,"name":"Ecosistema AIHRE"}]},{"@type":"WebSite","@id":"https:\/\/aihre.eu\/#website","url":"https:\/\/aihre.eu\/","name":"AIHRE","description":"","publisher":{"@id":"https:\/\/aihre.eu\/#organization"},"potentialAction":[{"@type":"SearchAction","target":{"@type":"EntryPoint","urlTemplate":"https:\/\/aihre.eu\/?s={search_term_string}"},"query-input":{"@type":"PropertyValueSpecification","valueRequired":true,"valueName":"search_term_string"}}],"inLanguage":"pt-PT"},{"@type":"Organization","@id":"https:\/\/aihre.eu\/#organization","name":"AIHRE","url":"https:\/\/aihre.eu\/","logo":{"@type":"ImageObject","inLanguage":"pt-PT","@id":"https:\/\/aihre.eu\/#\/schema\/logo\/image\/","url":"https:\/\/aihre.eu\/wp-content\/uploads\/2023\/12\/unnamed-1.png","contentUrl":"https:\/\/aihre.eu\/wp-content\/uploads\/2023\/12\/unnamed-1.png","width":597,"height":136,"caption":"AIHRE"},"image":{"@id":"https:\/\/aihre.eu\/#\/schema\/logo\/image\/"}}]}},"_links":{"self":[{"href":"https:\/\/aihre.eu\/pt\/wp-json\/wp\/v2\/pages\/950","targetHints":{"allow":["GET"]}}],"collection":[{"href":"https:\/\/aihre.eu\/pt\/wp-json\/wp\/v2\/pages"}],"about":[{"href":"https:\/\/aihre.eu\/pt\/wp-json\/wp\/v2\/types\/page"}],"author":[{"embeddable":true,"href":"https:\/\/aihre.eu\/pt\/wp-json\/wp\/v2\/users\/2"}],"replies":[{"embeddable":true,"href":"https:\/\/aihre.eu\/pt\/wp-json\/wp\/v2\/comments?post=950"}],"version-history":[{"count":89,"href":"https:\/\/aihre.eu\/pt\/wp-json\/wp\/v2\/pages\/950\/revisions"}],"predecessor-version":[{"id":1708,"href":"https:\/\/aihre.eu\/pt\/wp-json\/wp\/v2\/pages\/950\/revisions\/1708"}],"wp:attachment":[{"href":"https:\/\/aihre.eu\/pt\/wp-json\/wp\/v2\/media?parent=950"}],"curies":[{"name":"wp","href":"https:\/\/api.w.org\/{rel}","templated":true}]}}